{"id":66,"date":"2024-05-28T03:44:31","date_gmt":"2024-05-28T06:44:31","guid":{"rendered":"https:\/\/e-recanto.com.br\/?page_id=66"},"modified":"2024-05-28T04:09:38","modified_gmt":"2024-05-28T07:09:38","slug":"talento-e-disciplina","status":"publish","type":"page","link":"https:\/\/e-recanto.com.br\/?page_id=66","title":{"rendered":"Talento e Disciplina"},"content":{"rendered":"\n<figure class=\"wp-block-image alignleft size-full\"><img loading=\"lazy\" decoding=\"async\" width=\"434\" height=\"434\" src=\"http:\/\/e-recanto.com.br\/wp-content\/uploads\/2024\/05\/juracybahia_Children_in_a_school_shows_talents_and_discipline_fb2c7dde-e699-4ff8-b06d-c5badd2e9dd4.jpg\" alt=\"Talento e disciplina\" class=\"wp-image-67\"\/><\/figure>\n\n\n\n<p>TALENTO E DISCIPLINA<\/p>\n\n\n\n<p>O talento nunca substitui a disciplina. Pessoas talentosas est\u00e3o sempre diante do risco de supor que podem abrir m\u00e3o da disciplina porque s\u00e3o altamente capazes. Essa \u00e9 uma atitude que cedo ou tarde resultar\u00e1 em fracasso. Pat Tillmam, jogador de futebol americano, falecido em 2004, disse certa vez: &#8220;A disciplina \u00e9 a ponte que faz a liga\u00e7\u00e3o entre os nossos sonhos e as nossas realiza\u00e7\u00f5es&#8221; (citado por Bernardinho em seu livro Transformando suor em ouro, p. 27).<\/p>\n\n\n\n<p>O sul africano Nelson Mandela (1918-2013) passou 27 anos na pris\u00e3o pela sua luta contra a segrega\u00e7\u00e3o racial e quando liberto veio a se tornar presidente do seu pa\u00eds. Em 1993 ganhou o Nobel da Paz. Visitando os EUA, Mandela foi alvo do seguinte coment\u00e1rio feito por uma jornalista da revista Newsweek: &#8220;Mandela transpira disciplina, e sua hist\u00f3ria \u00e9 uma par\u00e1bola de disciplina&#8221; (Veja, 31\/07\/91)<\/p>\n\n\n\n<p>Na primeira carta aos Cor\u00edntios, Paulo escreve: &#8220;Todos os que competem nos jogos se submetem a um treinamento rigoroso, para obter uma coroa que logo perece, mas n\u00f3s o fazemos para ganhar uma coroa que dura para sempre&#8221; (I Co 9.25). Os atletas mais talentosos est\u00e3o sempre aperfei\u00e7oando suas habilidades porque querem melhorar o seu desempenho e quebrar seus pr\u00f3prios recordes.<\/p>\n\n\n\n<p>S\u00e3o do conhecido John Haggai (1924-2020) essas palavras: &#8220;Nenhum l\u00edder pode influenciar outros se n\u00e3o se controla a si pr\u00f3prio&#8221; (Seja um l\u00edder de verdade, p.114).<\/p>\n\n\n\n<p>Pr. Joar\u00eas Mendes de Freitas<\/p>\n\n\n\n<p>ENTREL\u00cdDERES 413<br>Li\u00e7\u00f5es de vida para a lideran\u00e7a<\/p>\n","protected":false},"excerpt":{"rendered":"<p>TALENTO E DISCIPLINA O talento nunca substitui a disciplina. Pessoas talentosas est\u00e3o sempre diante do risco de supor que podem [&hellip;]<\/p>\n","protected":false},"author":1,"featured_media":0,"parent":0,"menu_order":0,"comment_status":"closed","ping_status":"closed","template":"","meta":{"om_disable_all_campaigns":false,"site-sidebar-layout":"default","site-content-layout":"","ast-site-content-layout":"default","site-content-style":"default","site-sidebar-style":"default","ast-global-header-display":"","ast-banner-title-visibility":"","ast-main-header-display":"","ast-hfb-above-header-display":"","ast-hfb-below-header-display":"","ast-hfb-mobile-header-display":"","site-post-title":"","ast-breadcrumbs-content":"","ast-featured-img":"","footer-sml-layout":"","ast-disable-related-posts":"","theme-transparent-header-meta":"","adv-header-id-meta":"","stick-header-meta":"","header-above-stick-meta":"","header-main-stick-meta":"","header-below-stick-meta":"","astra-migrate-meta-layouts":"default","ast-page-background-enabled":"default","ast-page-background-meta":{"desktop":{"background-color":"var(--ast-global-color-4)","background-image":"","background-repeat":"repeat","background-position":"center center","background-size":"auto","background-attachment":"scroll","background-type":"","background-media":"","overlay-type":"","overlay-color":"","overlay-opacity":"","overlay-gradient":""},"tablet":{"background-color":"","background-image":"","background-repeat":"repeat","background-position":"center center","background-size":"auto","background-attachment":"scroll","background-type":"","background-media":"","overlay-type":"","overlay-color":"","overlay-opacity":"","overlay-gradient":""},"mobile":{"background-color":"","background-image":"","background-repeat":"repeat","background-position":"center center","background-size":"auto","background-attachment":"scroll","background-type":"","background-media":"","overlay-type":"","overlay-color":"","overlay-opacity":"","overlay-gradient":""}},"ast-content-background-meta":{"desktop":{"background-color":"var(--ast-global-color-5)","background-image":"","background-repeat":"repeat","background-position":"center center","background-size":"auto","background-attachment":"scroll","background-type":"","background-media":"","overlay-type":"","overlay-color":"","overlay-opacity":"","overlay-gradient":""},"tablet":{"background-color":"var(--ast-global-color-5)","background-image":"","background-repeat":"repeat","background-position":"center center","background-size":"auto","background-attachment":"scroll","background-type":"","background-media":"","overlay-type":"","overlay-color":"","overlay-opacity":"","overlay-gradient":""},"mobile":{"background-color":"var(--ast-global-color-5)","background-image":"","background-repeat":"repeat","background-position":"center center","background-size":"auto","background-attachment":"scroll","background-type":"","background-media":"","overlay-type":"","overlay-color":"","overlay-opacity":"","overlay-gradient":""}},"footnotes":""},"class_list":["post-66","page","type-page","status-publish","hentry"],"aioseo_notices":[],"_links":{"self":[{"href":"https:\/\/e-recanto.com.br\/index.php?rest_route=\/wp\/v2\/pages\/66","targetHints":{"allow":["GET"]}}],"collection":[{"href":"https:\/\/e-recanto.com.br\/index.php?rest_route=\/wp\/v2\/pages"}],"about":[{"href":"https:\/\/e-recanto.com.br\/index.php?rest_route=\/wp\/v2\/types\/page"}],"author":[{"embeddable":true,"href":"https:\/\/e-recanto.com.br\/index.php?rest_route=\/wp\/v2\/users\/1"}],"replies":[{"embeddable":true,"href":"https:\/\/e-recanto.com.br\/index.php?rest_route=%2Fwp%2Fv2%2Fcomments&post=66"}],"version-history":[{"count":3,"href":"https:\/\/e-recanto.com.br\/index.php?rest_route=\/wp\/v2\/pages\/66\/revisions"}],"predecessor-version":[{"id":76,"href":"https:\/\/e-recanto.com.br\/index.php?rest_route=\/wp\/v2\/pages\/66\/revisions\/76"}],"wp:attachment":[{"href":"https:\/\/e-recanto.com.br\/index.php?rest_route=%2Fwp%2Fv2%2Fmedia&parent=66"}],"curies":[{"name":"wp","href":"https:\/\/api.w.org\/{rel}","templated":true}]}}