{"id":21,"date":"2024-01-22T17:17:00","date_gmt":"2024-01-22T20:17:00","guid":{"rendered":"https:\/\/e-recanto.com.br\/?page_id=21"},"modified":"2026-01-07T18:27:43","modified_gmt":"2026-01-07T21:27:43","slug":"expectativas","status":"publish","type":"page","link":"https:\/\/e-recanto.com.br\/","title":{"rendered":"2026 promete ainda mais"},"content":{"rendered":"\r\n<p>2026 est\u00e1 ainda melhor na Recanto. Al\u00e9m de Educa\u00e7\u00e3o tecnol\u00f3gica, ingl\u00eas di\u00e1rio e Super C\u00e9rebro, agora temos um ber\u00e7\u00e1rio renovado e ampliado e mais 600 m\u00b2 para o conforto dos pais.<\/p>\r\n\r\n\r\n\r\n<p><a title=\"\" href=\"https:\/\/drive.google.com\/drive\/folders\/1Q_oEuDgtki1dMEJkttK-KOiqSQgOU0Gw?usp=sharing\" target=\"_blank\" rel=\"noopener\">Lista de Materiais 2026<\/a><\/p>\r\n\r\n\r\n\r\n<figure class=\"wp-block-image size-large\"><img loading=\"lazy\" decoding=\"async\" width=\"1024\" height=\"307\" class=\"wp-image-107\" src=\"https:\/\/e-recanto.com.br\/wp-content\/uploads\/2025\/09\/Estacionamento-2-1024x307.jpg\" alt=\"\" srcset=\"https:\/\/e-recanto.com.br\/wp-content\/uploads\/2025\/09\/Estacionamento-2-1024x307.jpg 1024w, https:\/\/e-recanto.com.br\/wp-content\/uploads\/2025\/09\/Estacionamento-2-300x90.jpg 300w, https:\/\/e-recanto.com.br\/wp-content\/uploads\/2025\/09\/Estacionamento-2-768x230.jpg 768w, https:\/\/e-recanto.com.br\/wp-content\/uploads\/2025\/09\/Estacionamento-2-1536x461.jpg 1536w, https:\/\/e-recanto.com.br\/wp-content\/uploads\/2025\/09\/Estacionamento-2-2048x614.jpg 2048w\" sizes=\"auto, (max-width: 1024px) 100vw, 1024px\" \/><\/figure>\r\n","protected":false},"excerpt":{"rendered":"<p>2026 est\u00e1 ainda melhor na Recanto. Al\u00e9m de Educa\u00e7\u00e3o tecnol\u00f3gica, ingl\u00eas di\u00e1rio e Super C\u00e9rebro, agora temos um ber\u00e7\u00e1rio renovado [&hellip;]<\/p>\n","protected":false},"author":1,"featured_media":12,"parent":0,"menu_order":0,"comment_status":"closed","ping_status":"closed","template":"","meta":{"om_disable_all_campaigns":false,"site-sidebar-layout":"default","site-content-layout":"","ast-site-content-layout":"default","site-content-style":"default","site-sidebar-style":"default","ast-global-header-display":"","ast-banner-title-visibility":"","ast-main-header-display":"","ast-hfb-above-header-display":"","ast-hfb-below-header-display":"","ast-hfb-mobile-header-display":"","site-post-title":"","ast-breadcrumbs-content":"","ast-featured-img":"","footer-sml-layout":"","ast-disable-related-posts":"","theme-transparent-header-meta":"default","adv-header-id-meta":"","stick-header-meta":"","header-above-stick-meta":"","header-main-stick-meta":"","header-below-stick-meta":"","astra-migrate-meta-layouts":"set","ast-page-background-enabled":"default","ast-page-background-meta":{"desktop":{"background-color":"var(--ast-global-color-4)","background-image":"","background-repeat":"repeat","background-position":"center center","background-size":"auto","background-attachment":"scroll","background-type":"","background-media":"","overlay-type":"","overlay-color":"","overlay-opacity":"","overlay-gradient":""},"tablet":{"background-color":"","background-image":"","background-repeat":"repeat","background-position":"center center","background-size":"auto","background-attachment":"scroll","background-type":"","background-media":"","overlay-type":"","overlay-color":"","overlay-opacity":"","overlay-gradient":""},"mobile":{"background-color":"","background-image":"","background-repeat":"repeat","background-position":"center center","background-size":"auto","background-attachment":"scroll","background-type":"","background-media":"","overlay-type":"","overlay-color":"","overlay-opacity":"","overlay-gradient":""}},"ast-content-background-meta":{"desktop":{"background-color":"var(--ast-global-color-5)","background-image":"","background-repeat":"repeat","background-position":"center center","background-size":"auto","background-attachment":"scroll","background-type":"","background-media":"","overlay-type":"","overlay-color":"","overlay-opacity":"","overlay-gradient":""},"tablet":{"background-color":"var(--ast-global-color-5)","background-image":"","background-repeat":"repeat","background-position":"center center","background-size":"auto","background-attachment":"scroll","background-type":"","background-media":"","overlay-type":"","overlay-color":"","overlay-opacity":"","overlay-gradient":""},"mobile":{"background-color":"var(--ast-global-color-5)","background-image":"","background-repeat":"repeat","background-position":"center center","background-size":"auto","background-attachment":"scroll","background-type":"","background-media":"","overlay-type":"","overlay-color":"","overlay-opacity":"","overlay-gradient":""}},"footnotes":""},"class_list":["post-21","page","type-page","status-publish","has-post-thumbnail","hentry"],"aioseo_notices":[],"_links":{"self":[{"href":"https:\/\/e-recanto.com.br\/index.php?rest_route=\/wp\/v2\/pages\/21","targetHints":{"allow":["GET"]}}],"collection":[{"href":"https:\/\/e-recanto.com.br\/index.php?rest_route=\/wp\/v2\/pages"}],"about":[{"href":"https:\/\/e-recanto.com.br\/index.php?rest_route=\/wp\/v2\/types\/page"}],"author":[{"embeddable":true,"href":"https:\/\/e-recanto.com.br\/index.php?rest_route=\/wp\/v2\/users\/1"}],"replies":[{"embeddable":true,"href":"https:\/\/e-recanto.com.br\/index.php?rest_route=%2Fwp%2Fv2%2Fcomments&post=21"}],"version-history":[{"count":19,"href":"https:\/\/e-recanto.com.br\/index.php?rest_route=\/wp\/v2\/pages\/21\/revisions"}],"predecessor-version":[{"id":161,"href":"https:\/\/e-recanto.com.br\/index.php?rest_route=\/wp\/v2\/pages\/21\/revisions\/161"}],"wp:featuredmedia":[{"embeddable":true,"href":"https:\/\/e-recanto.com.br\/index.php?rest_route=\/wp\/v2\/media\/12"}],"wp:attachment":[{"href":"https:\/\/e-recanto.com.br\/index.php?rest_route=%2Fwp%2Fv2%2Fmedia&parent=21"}],"curies":[{"name":"wp","href":"https:\/\/api.w.org\/{rel}","templated":true}]}}