{"id":150,"date":"2025-09-30T10:31:09","date_gmt":"2025-09-30T13:31:09","guid":{"rendered":"https:\/\/e-recanto.com.br\/?page_id=150"},"modified":"2026-01-15T16:58:15","modified_gmt":"2026-01-15T19:58:15","slug":"sobre-os-planos-horarios-e-precos","status":"publish","type":"page","link":"https:\/\/e-recanto.com.br\/?page_id=150","title":{"rendered":"Sobre os planos, hor\u00e1rios e regras para pre\u00e7os"},"content":{"rendered":"\r\n<p><strong>Hor\u00e1rios das Turmas<\/strong>:<\/p>\r\n\r\n\r\n\r\n<p>2\u00b0 ao 4\u00b0 ano: 8h \u00e0s 12h15\u00a0<\/p>\r\n\r\n\r\n\r\n<p>5\u00b0 ano: 8h \u00e0s 12h30<\/p>\r\n\r\n\r\n\r\n<p>Maternal ao 1\u00b0 ano: 13h \u00e0s 17h<\/p>\r\n\r\n\r\n\r\n<p>Integral: 7h30 \u00e0s 18h30<\/p>\r\n\r\n\r\n\r\n<p><strong>Informa\u00e7\u00f5es importantes:<\/strong><\/p>\r\n\r\n\r\n\r\n<ol class=\"wp-block-list\">\r\n<li>S\u00e3o oferecidos quatro planos diferentes: 4, 6, 8 e 11 horas. Todos incluem Educa\u00e7\u00e3o Tecnol\u00f3gica do Jardim 1 ao 5 ano;\u00a0<\/li>\r\n\r\n\r\n\r\n<li>Os planos de 8h e 11h incluem o Programa Super C\u00e9rebro, do 1 ao 5 ano (pagar\u00e3o apenas o material usado pelos alunos, diretamente ao Super C\u00e9rebro). Este Programa est\u00e1 dispon\u00edvel tamb\u00e9m aos demais alunos e, mesmo, alunos de outras escolas, pelo pre\u00e7o estipulado pelo pr\u00f3prio Super C\u00e9rebro, R$ 287,00;<\/li>\r\n\r\n\r\n\r\n<li>H\u00e1 desconto por pagamento at\u00e9 o dia do vencimento, n\u00e3o cumulativo com outros descontos;<\/li>\r\n\r\n\r\n\r\n<li>O plano de 6h inclui uma refei\u00e7\u00e3o, e os planos de 8h e 11h incluem duas refei\u00e7\u00f5es;<\/li>\r\n\r\n\r\n\r\n<li>Refei\u00e7\u00f5es podem ser reservadas com pagamento avulso ou mensal;<\/li>\r\n\r\n\r\n\r\n<li>Para a anuidade de 2026, o desconto por antecipa\u00e7\u00e3o da anuidade \u00e9 de 14% em outubro, 12% em novembro e 10% em dezembro. (Este desconto, por ter car\u00e1ter financeiro, \u00e9 cumulativo com outros descontos, como, por exemplo, o do segundo filho.\u00a0<\/li>\r\n\r\n\r\n\r\n<li>A multa por atraso \u00e9 2% e os juros de 1% ao m\u00eas.<\/li>\r\n\r\n\r\n\r\n<li>Entrada antes das 7h30 ou sa\u00edda ap\u00f3s 18h30, tem uma taxa extra a ser discutida, visto que a Escola precisa pagar hora extra ao cuidador.<\/li>\r\n\r\n\r\n\r\n<li>Do Jardim 1 ao 5 ano \u00e9 preciso adquirir materiais;\u00a0<\/li>\r\n\r\n\r\n\r\n<li>A reserva de vaga \u00e9 feita mediante uma taxa de R$ 250. Alunos da Escola s\u00e3o dispensados da taxa quando assinam contrato at\u00e9 outubro. Quando solicitada e paga, a taxa \u00e9 devolvida em janeiro, se a matr\u00edcula for efetivada.<\/li>\r\n\r\n\r\n\r\n<li>Todos os planos anuais, exceto o regular (Plano regular de 4h) t\u00eam direito aos servi\u00e7os contratados al\u00e9m do calend\u00e1rio letivo, alguns dias em janeiro e julho;<\/li>\r\n\r\n\r\n\r\n<li>Os boletos vencem no dia 05 de cada m\u00eas; excepcionalmente, no ato da matr\u00edcula, outro dia, de 01 a 15, pode ser escolhido;<\/li>\r\n\r\n\r\n\r\n<li>O desconto para o segundo filho \u00e9 de 15%; o terceiro filho tem 20% de desconto (Este desconto ser\u00e1 reduzido em 2027).\u00a0<\/li>\r\n\r\n\r\n\r\n<li>Quando a Escola concordar em oferecer um desconto excepcional, este \u00e9 garantido especificamente para o ano letivo objeto do contrato, em valores nominais (n\u00e3o\u00a0 em percentual). O desconto excepcional substitui o desconto de pagamento at\u00e9 o vencimento;\u00a0<\/li>\r\n\r\n\r\n\r\n<li>Os descontos n\u00e3o obrigat\u00f3rios por lei normalmente ocorrem nos seguintes casos: a) o aluno tem irm\u00e3o na Escola; b) o pagamento da anuidade \u00e9 antecipado; c) h\u00e1 troca de servi\u00e7os; d) os pais indicam novos alunos para a escola; e) os respons\u00e1veis est\u00e3o relacionados com empresas parceiras da Escola. Os pais podem reivindicar esses descontos cumulativamente.<\/li>\r\n\r\n\r\n\r\n<li>Para nossa Escola, um financeiro humanizado \u00e9 fundamental para lidar com situa\u00e7\u00f5es especiais. A dura letra n\u00e3o atende, por exemplo, quando os pais precisam mudar de cidade e retirar o aluno da escola na vig\u00eancia do contrato, ou surge um dinheiro extra e os pais querem desconto para antecipar as mensalidades.<\/li>\r\n<\/ol>\r\n\r\n\r\n<hr class=\"wp-block-separator has-alpha-channel-opacity\" \/>","protected":false},"excerpt":{"rendered":"<p>Hor\u00e1rios das Turmas: 2\u00b0 ao 4\u00b0 ano: 8h \u00e0s 12h15\u00a0 5\u00b0 ano: 8h \u00e0s 12h30 Maternal ao 1\u00b0 ano: 13h [&hellip;]<\/p>\n","protected":false},"author":1,"featured_media":0,"parent":0,"menu_order":0,"comment_status":"closed","ping_status":"closed","template":"","meta":{"om_disable_all_campaigns":false,"site-sidebar-layout":"default","site-content-layout":"","ast-site-content-layout":"default","site-content-style":"default","site-sidebar-style":"default","ast-global-header-display":"","ast-banner-title-visibility":"","ast-main-header-display":"","ast-hfb-above-header-display":"","ast-hfb-below-header-display":"","ast-hfb-mobile-header-display":"","site-post-title":"","ast-breadcrumbs-content":"","ast-featured-img":"","footer-sml-layout":"","ast-disable-related-posts":"","theme-transparent-header-meta":"default","adv-header-id-meta":"","stick-header-meta":"","header-above-stick-meta":"","header-main-stick-meta":"","header-below-stick-meta":"","astra-migrate-meta-layouts":"set","ast-page-background-enabled":"default","ast-page-background-meta":{"desktop":{"background-color":"var(--ast-global-color-4)","background-image":"","background-repeat":"repeat","background-position":"center center","background-size":"auto","background-attachment":"scroll","background-type":"","background-media":"","overlay-type":"","overlay-color":"","overlay-opacity":"","overlay-gradient":""},"tablet":{"background-color":"","background-image":"","background-repeat":"repeat","background-position":"center center","background-size":"auto","background-attachment":"scroll","background-type":"","background-media":"","overlay-type":"","overlay-color":"","overlay-opacity":"","overlay-gradient":""},"mobile":{"background-color":"","background-image":"","background-repeat":"repeat","background-position":"center center","background-size":"auto","background-attachment":"scroll","background-type":"","background-media":"","overlay-type":"","overlay-color":"","overlay-opacity":"","overlay-gradient":""}},"ast-content-background-meta":{"desktop":{"background-color":"var(--ast-global-color-5)","background-image":"","background-repeat":"repeat","background-position":"center center","background-size":"auto","background-attachment":"scroll","background-type":"","background-media":"","overlay-type":"","overlay-color":"","overlay-opacity":"","overlay-gradient":""},"tablet":{"background-color":"var(--ast-global-color-5)","background-image":"","background-repeat":"repeat","background-position":"center center","background-size":"auto","background-attachment":"scroll","background-type":"","background-media":"","overlay-type":"","overlay-color":"","overlay-opacity":"","overlay-gradient":""},"mobile":{"background-color":"var(--ast-global-color-5)","background-image":"","background-repeat":"repeat","background-position":"center center","background-size":"auto","background-attachment":"scroll","background-type":"","background-media":"","overlay-type":"","overlay-color":"","overlay-opacity":"","overlay-gradient":""}},"footnotes":""},"class_list":["post-150","page","type-page","status-publish","hentry"],"aioseo_notices":[],"_links":{"self":[{"href":"https:\/\/e-recanto.com.br\/index.php?rest_route=\/wp\/v2\/pages\/150","targetHints":{"allow":["GET"]}}],"collection":[{"href":"https:\/\/e-recanto.com.br\/index.php?rest_route=\/wp\/v2\/pages"}],"about":[{"href":"https:\/\/e-recanto.com.br\/index.php?rest_route=\/wp\/v2\/types\/page"}],"author":[{"embeddable":true,"href":"https:\/\/e-recanto.com.br\/index.php?rest_route=\/wp\/v2\/users\/1"}],"replies":[{"embeddable":true,"href":"https:\/\/e-recanto.com.br\/index.php?rest_route=%2Fwp%2Fv2%2Fcomments&post=150"}],"version-history":[{"count":5,"href":"https:\/\/e-recanto.com.br\/index.php?rest_route=\/wp\/v2\/pages\/150\/revisions"}],"predecessor-version":[{"id":170,"href":"https:\/\/e-recanto.com.br\/index.php?rest_route=\/wp\/v2\/pages\/150\/revisions\/170"}],"wp:attachment":[{"href":"https:\/\/e-recanto.com.br\/index.php?rest_route=%2Fwp%2Fv2%2Fmedia&parent=150"}],"curies":[{"name":"wp","href":"https:\/\/api.w.org\/{rel}","templated":true}]}}