{"id":135,"date":"2025-09-29T22:02:14","date_gmt":"2025-09-30T01:02:14","guid":{"rendered":"https:\/\/e-recanto.com.br\/?page_id=135"},"modified":"2025-09-30T10:50:23","modified_gmt":"2025-09-30T13:50:23","slug":"combinacoes-perfeitas","status":"publish","type":"page","link":"https:\/\/e-recanto.com.br\/?page_id=135","title":{"rendered":"Combina\u00e7\u00f5es perfeitas"},"content":{"rendered":"\n<p>Caf\u00e9 e leite, queijo e goiabada, praia e sol&#8230; Escola Recanto e o futuro do seu filho. Encontre o equil\u00edbrio ideal entre ensino inteligente e um \u00f3timo custo-benef\u00edcio!&nbsp;<\/p>\n\n\n\n<ol class=\"wp-block-list\">\n<li>Exija um ambiente de lar acolhedor com recursos avan\u00e7ados. Isto \u00e9 a Escola Recanto, em parceria com o COC, a APDZ, Cambridge e, agora, com o renomado IMF.<\/li>\n<\/ol>\n\n\n\n<ol start=\"2\" class=\"wp-block-list\">\n<li>Valorize uma escola urbana com uma grande Sede Campestre&nbsp; (IMF) a 30 minutos de dist\u00e2ncia! Confira em @fazendavaleimperial.<\/li>\n<\/ol>\n\n\n\n<ol start=\"3\" class=\"wp-block-list\">\n<li>Verifique se a equipe de educa\u00e7\u00e3o irradia calor humano e busca atualiza\u00e7\u00e3o constante. A Recanto investe intensamente na capacita\u00e7\u00e3o de sua equipe.<\/li>\n<\/ol>\n\n\n\n<ol start=\"4\" class=\"wp-block-list\">\n<li>Valorize a tradi\u00e7\u00e3o sem abdicar da inova\u00e7\u00e3o. Na Recanto s\u00e3o d\u00e9cadas de experi\u00eancia, ambiente seguro e estabilidade. Agora, novas parcerias incorporam programas como Super C\u00e9rebro e educa\u00e7\u00e3o tecnol\u00f3gica com rob\u00f3tica.<\/li>\n<\/ol>\n\n\n\n<ol start=\"5\" class=\"wp-block-list\">\n<li>Quer acrescentar Jud\u00f4, ballet, futebol, e mais, \u00e0 rotina de sua crian\u00e7a? Ent\u00e3o, o lugar \u00e9 a Recanto. Afinal, aprender \u00e9 mais do que adquirir conhecimento; \u00e9 se apaixonar pelo processo.<\/li>\n<\/ol>\n\n\n\n<ol start=\"6\" class=\"wp-block-list\">\n<li>Fuja do estresse e do congestionamento do centro sem ter que ir longe. Venha para a tranquila Olavo Bilac, entre a Castelanea e o Quitandinha, com acesso f\u00e1cil para toda a cidade e a BR 040. Escola sem estacionamento confort\u00e1vel, nem pensar. <\/li>\n<\/ol>\n\n\n\n<ol start=\"7\" class=\"wp-block-list\">\n<li>Seus hor\u00e1rios r\u00edgidos precisam de uma escola flex\u00edvel? Na Recanto, voc\u00ea escolhe quando deixar e buscar seu filho, entre 7h30 e 18h30.<\/li>\n<\/ol>\n\n\n\n<ol start=\"8\" class=\"wp-block-list\">\n<li>Um financeiro humanizado, combinado com uma pol\u00edtica de investimentos cont\u00ednuos na Escola, explica o excelente custo-benef\u00edcio. Combine cuidado dos filhos com investimento inteligente. A Recanto ajuda voc\u00ea a garantir ambos.<\/li>\n\n\n\n<li>Quem tem paci\u00eancia para burocracia? Na Escola Recanto, todo o procedimento de matr\u00edcula \u00e9 simplificado e a assinatura do contrato \u00e9 eletr\u00f4nica. <\/li>\n<\/ol>\n\n\n\n<p>Escola Recanto &#8211; Do ber\u00e7\u00e1rio ao 5\u00b0 ano.\u00a0<\/p>\n\n\n\n<p>WhatsApp + 55 24 99211-3586<\/p>\n\n\n\n<p><a href=\"https:\/\/lnk.bio\/Recanto\">https:\/\/lnk.bio\/Recanto<\/a><\/p>\n","protected":false},"excerpt":{"rendered":"<p>Caf\u00e9 e leite, queijo e goiabada, praia e sol&#8230; Escola Recanto e o futuro do seu filho. Encontre o equil\u00edbrio [&hellip;]<\/p>\n","protected":false},"author":1,"featured_media":0,"parent":0,"menu_order":0,"comment_status":"closed","ping_status":"closed","template":"","meta":{"om_disable_all_campaigns":false,"site-sidebar-layout":"default","site-content-layout":"","ast-site-content-layout":"default","site-content-style":"default","site-sidebar-style":"default","ast-global-header-display":"","ast-banner-title-visibility":"","ast-main-header-display":"","ast-hfb-above-header-display":"","ast-hfb-below-header-display":"","ast-hfb-mobile-header-display":"","site-post-title":"","ast-breadcrumbs-content":"","ast-featured-img":"","footer-sml-layout":"","ast-disable-related-posts":"","theme-transparent-header-meta":"","adv-header-id-meta":"","stick-header-meta":"","header-above-stick-meta":"","header-main-stick-meta":"","header-below-stick-meta":"","astra-migrate-meta-layouts":"default","ast-page-background-enabled":"default","ast-page-background-meta":{"desktop":{"background-color":"var(--ast-global-color-4)","background-image":"","background-repeat":"repeat","background-position":"center center","background-size":"auto","background-attachment":"scroll","background-type":"","background-media":"","overlay-type":"","overlay-color":"","overlay-opacity":"","overlay-gradient":""},"tablet":{"background-color":"","background-image":"","background-repeat":"repeat","background-position":"center center","background-size":"auto","background-attachment":"scroll","background-type":"","background-media":"","overlay-type":"","overlay-color":"","overlay-opacity":"","overlay-gradient":""},"mobile":{"background-color":"","background-image":"","background-repeat":"repeat","background-position":"center center","background-size":"auto","background-attachment":"scroll","background-type":"","background-media":"","overlay-type":"","overlay-color":"","overlay-opacity":"","overlay-gradient":""}},"ast-content-background-meta":{"desktop":{"background-color":"var(--ast-global-color-5)","background-image":"","background-repeat":"repeat","background-position":"center center","background-size":"auto","background-attachment":"scroll","background-type":"","background-media":"","overlay-type":"","overlay-color":"","overlay-opacity":"","overlay-gradient":""},"tablet":{"background-color":"var(--ast-global-color-5)","background-image":"","background-repeat":"repeat","background-position":"center center","background-size":"auto","background-attachment":"scroll","background-type":"","background-media":"","overlay-type":"","overlay-color":"","overlay-opacity":"","overlay-gradient":""},"mobile":{"background-color":"var(--ast-global-color-5)","background-image":"","background-repeat":"repeat","background-position":"center center","background-size":"auto","background-attachment":"scroll","background-type":"","background-media":"","overlay-type":"","overlay-color":"","overlay-opacity":"","overlay-gradient":""}},"footnotes":""},"class_list":["post-135","page","type-page","status-publish","hentry"],"aioseo_notices":[],"_links":{"self":[{"href":"https:\/\/e-recanto.com.br\/index.php?rest_route=\/wp\/v2\/pages\/135","targetHints":{"allow":["GET"]}}],"collection":[{"href":"https:\/\/e-recanto.com.br\/index.php?rest_route=\/wp\/v2\/pages"}],"about":[{"href":"https:\/\/e-recanto.com.br\/index.php?rest_route=\/wp\/v2\/types\/page"}],"author":[{"embeddable":true,"href":"https:\/\/e-recanto.com.br\/index.php?rest_route=\/wp\/v2\/users\/1"}],"replies":[{"embeddable":true,"href":"https:\/\/e-recanto.com.br\/index.php?rest_route=%2Fwp%2Fv2%2Fcomments&post=135"}],"version-history":[{"count":4,"href":"https:\/\/e-recanto.com.br\/index.php?rest_route=\/wp\/v2\/pages\/135\/revisions"}],"predecessor-version":[{"id":158,"href":"https:\/\/e-recanto.com.br\/index.php?rest_route=\/wp\/v2\/pages\/135\/revisions\/158"}],"wp:attachment":[{"href":"https:\/\/e-recanto.com.br\/index.php?rest_route=%2Fwp%2Fv2%2Fmedia&parent=135"}],"curies":[{"name":"wp","href":"https:\/\/api.w.org\/{rel}","templated":true}]}}